{"id":2752,"date":"2019-10-30T12:12:12","date_gmt":"2019-10-30T12:12:12","guid":{"rendered":"https:\/\/www.muta.gal\/proximos-eventos\/"},"modified":"2021-11-15T12:46:41","modified_gmt":"2021-11-15T12:46:41","slug":"proximos-eventos","status":"publish","type":"page","link":"https:\/\/www.muta.gal\/gl\/proximos-eventos\/","title":{"rendered":"Pr\u00f3ximos eventos"},"content":{"rendered":"<p><div class=\"fusion-fullwidth fullwidth-box fusion-builder-row-1 fusion-flex-container fusion-parallax-none nonhundred-percent-fullwidth non-hundred-percent-height-scrolling\" style=\"--awb-border-radius-top-left:0px;--awb-border-radius-top-right:0px;--awb-border-radius-bottom-right:0px;--awb-border-radius-bottom-left:0px;--awb-padding-top:10%;--awb-padding-bottom:6%;--awb-background-image:linear-gradient(180deg, rgba(0,0,0,0) 0%,rgba(0,0,0,0.67) 100%),url(http:\/\/www.muta.gal\/wp-content\/uploads\/2021\/05\/tarjetas-MUTA-1-1.jpg);;--awb-background-size:cover;--awb-flex-wrap:wrap;\" ><div class=\"fusion-builder-row fusion-row fusion-flex-align-items-flex-start fusion-flex-content-wrap\" style=\"max-width:1248px;margin-left: calc(-4% \/ 2 );margin-right: calc(-4% \/ 2 );\"><div class=\"fusion-layout-column fusion_builder_column fusion-builder-column-0 fusion_builder_column_1_1 1_1 fusion-flex-column\" style=\"--awb-bg-size:cover;--awb-width-large:100%;--awb-margin-top-large:0px;--awb-spacing-right-large:1.92%;--awb-margin-bottom-large:20px;--awb-spacing-left-large:1.92%;--awb-width-medium:100%;--awb-order-medium:0;--awb-spacing-right-medium:1.92%;--awb-spacing-left-medium:1.92%;--awb-width-small:100%;--awb-order-small:0;--awb-spacing-right-small:1.92%;--awb-spacing-left-small:1.92%;\"><div class=\"fusion-column-wrapper fusion-column-has-shadow fusion-flex-justify-content-flex-start fusion-content-layout-column\"><div class=\"fusion-title title fusion-title-1 fusion-sep-none fusion-title-center fusion-title-text fusion-title-size-two\" style=\"--awb-text-color:#ffffff;--awb-font-size:60px;\"><h2 class=\"fusion-title-heading title-heading-center\" style=\"font-family:&quot;Poppins&quot;;font-style:normal;font-weight:800;margin:0;font-size:1em;\">pr\u00f3ximos eventos en Vigo<\/h2><\/div><div class=\"fusion-text fusion-text-1\" style=\"--awb-font-size:20px;--awb-text-transform:none;--awb-text-color:#c4a72d;--awb-text-font-family:&quot;Poppins&quot;;--awb-text-font-style:normal;--awb-text-font-weight:500;\"><p style=\"text-align: center;\" data-fusion-font=\"true\">Non perdas os eventos m\u00e1is especiais da cidade<\/p>\n<\/div><\/div><\/div><\/div><\/div><div class=\"fusion-fullwidth fullwidth-box fusion-builder-row-2 fusion-flex-container nonhundred-percent-fullwidth non-hundred-percent-height-scrolling\" style=\"--awb-border-sizes-top:0px;--awb-border-sizes-bottom:0px;--awb-border-sizes-left:0px;--awb-border-sizes-right:0px;--awb-border-radius-top-left:0px;--awb-border-radius-top-right:0px;--awb-border-radius-bottom-right:0px;--awb-border-radius-bottom-left:0px;--awb-padding-top:4%;--awb-padding-right:12%;--awb-padding-bottom:4%;--awb-padding-left:12%;--awb-flex-wrap:wrap;\" ><div class=\"fusion-builder-row fusion-row fusion-flex-align-items-flex-start fusion-flex-justify-content-center fusion-flex-content-wrap\" style=\"max-width:1248px;margin-left: calc(-4% \/ 2 );margin-right: calc(-4% \/ 2 );\"><div class=\"fusion-layout-column fusion_builder_column fusion-builder-column-1 fusion_builder_column_3_5 3_5 fusion-flex-column fusion-animated\" style=\"--awb-padding-right:0%;--awb-padding-left:0%;--awb-bg-size:cover;--awb-width-large:60%;--awb-margin-top-large:0px;--awb-spacing-right-large:0%;--awb-margin-bottom-large:3%;--awb-spacing-left-large:0%;--awb-width-medium:60%;--awb-spacing-right-medium:0%;--awb-spacing-left-medium:0%;--awb-width-small:100%;--awb-spacing-right-small:1.92%;--awb-spacing-left-small:1.92%;\" data-animationType=\"fadeIn\" data-animationDuration=\"1.0\" data-animationOffset=\"top-into-view\"><div class=\"fusion-column-wrapper fusion-column-has-shadow fusion-flex-justify-content-flex-start fusion-content-layout-column\"><div class=\"fusion-text fusion-text-2\" style=\"--awb-text-transform:none;--awb-text-font-family:&quot;Poppins&quot;;--awb-text-font-style:normal;--awb-text-font-weight:400;\"><p style=\"text-align: center; color: #000000; font-size: 22px;\" data-fusion-font=\"true\">Buscando plans no centro de Vigo? En MUTA levamos a cabo todo tipo de actividades, dende xornadas gastron\u00f3micas a catas de vi\u00f1o ou eventos de cine e m\u00fasica. Os pr\u00f3ximos eventos en Vigo os atopar\u00e1s aqu\u00ed.<\/p>\n<\/div><div class=\"fusion-separator fusion-no-large-visibility fusion-full-width-sep\" style=\"align-self: center;margin-left: auto;margin-right: auto;margin-bottom:3%;width:100%;\"><\/div><\/div><\/div><\/div><\/div><div class=\"fusion-fullwidth fullwidth-box fusion-builder-row-3 fusion-flex-container nonhundred-percent-fullwidth non-hundred-percent-height-scrolling\" style=\"--awb-border-sizes-top:0px;--awb-border-sizes-bottom:0px;--awb-border-sizes-left:0px;--awb-border-sizes-right:0px;--awb-border-radius-top-left:0px;--awb-border-radius-top-right:0px;--awb-border-radius-bottom-right:0px;--awb-border-radius-bottom-left:0px;--awb-padding-right:12%;--awb-padding-left:12%;--awb-flex-wrap:wrap;\" ><div class=\"fusion-builder-row fusion-row fusion-flex-align-items-flex-start fusion-flex-content-wrap\" style=\"max-width:1248px;margin-left: calc(-4% \/ 2 );margin-right: calc(-4% \/ 2 );\"><div class=\"fusion-layout-column fusion_builder_column fusion-builder-column-2 fusion_builder_column_1_1 1_1 fusion-flex-column fusion-animated\" style=\"--awb-bg-size:cover;--awb-width-large:100%;--awb-margin-top-large:0px;--awb-spacing-right-large:1.92%;--awb-margin-bottom-large:20px;--awb-spacing-left-large:1.92%;--awb-width-medium:100%;--awb-spacing-right-medium:1.92%;--awb-spacing-left-medium:1.92%;--awb-width-small:100%;--awb-spacing-right-small:1.92%;--awb-spacing-left-small:1.92%;\" data-animationType=\"fadeIn\" data-animationDuration=\"1.0\" data-animationOffset=\"top-into-view\"><div class=\"fusion-column-wrapper fusion-column-has-shadow fusion-flex-justify-content-flex-start fusion-content-layout-column\"><style type=\"text\/css\">.fusion-portfolio-wrapper#fusion-portfolio-1 .fusion-portfolio-content{ padding: 40px 25px 25px 25px; text-align: center; }<\/style><div class=\"fusion-recent-works fusion-portfolio-element fusion-portfolio fusion-portfolio-1 fusion-portfolio-grid fusion-portfolio-paging-none fusion-portfolio-two fusion-portfolio-boxed fusion-portfolio-text fusion-portfolio-equal-heights fusion-portfolio-rollover proximoseventos\" data-id=\"-rw-1\" data-columns=\"two\"><style type=\"text\/css\">.fusion-portfolio-1 .fusion-portfolio-wrapper .fusion-col-spacing{padding:25px;}<\/style><div class=\"fusion-portfolio-wrapper\" id=\"fusion-portfolio-1\" data-picturesize=\"auto\" data-pages=\"1\" style=\"margin:-25px;\"><article id=\"portfolio-1-post-3518\" class=\"fusion-portfolio-post eventos-programados-gl fusion-col-spacing post-3518\"><div class=\"fusion-portfolio-content-wrapper\" style=\"border:1px solid #f2f3f5;border-bottom-width:3px;background-color:rgba(255,255,255,0);\"><span class=\"vcard rich-snippet-hidden\"><span class=\"fn\"><a href=\"https:\/\/www.muta.gal\/gl\/author\/martavillarcruces\/\" title=\"Artigos de martavillarcruces\" rel=\"author\">martavillarcruces<\/a><\/span><\/span><span class=\"updated rich-snippet-hidden\">2023-03-02T09:36:28+01:00<\/span><div  class=\"fusion-image-wrapper\" aria-haspopup=\"true\">\n\t\t\t\t<img decoding=\"async\" width=\"595\" height=\"595\" src=\"https:\/\/www.muta.gal\/wp-content\/uploads\/2022\/06\/CARAZ-CADRADO.jpg\" class=\"attachment-full size-full wp-post-image\" alt=\"\" srcset=\"https:\/\/www.muta.gal\/wp-content\/uploads\/2022\/06\/CARAZ-CADRADO-200x200.jpg 200w, https:\/\/www.muta.gal\/wp-content\/uploads\/2022\/06\/CARAZ-CADRADO-400x400.jpg 400w, https:\/\/www.muta.gal\/wp-content\/uploads\/2022\/06\/CARAZ-CADRADO.jpg 595w\" sizes=\"(min-width: 2200px) 100vw, (min-width: 712px) 575px, (min-width: 640px) 712px, \" \/><div class=\"fusion-rollover\">\n\t<div class=\"fusion-rollover-content\">\n\n\t\t\t\t\n\t\t\n\t\t\t\t\t\t\t\t\n\t\t\t\t\t\t\t\t\n\t\t\n\t\t\t\t\t\t<a class=\"fusion-link-wrapper\" href=\"https:\/\/www.muta.gal\/gl\/eventos\/entrevinos-2023\/?portfolioCats=22\" aria-label=\"Entrevi\u00f1os 2023\"><\/a>\n\t<\/div>\n<\/div>\n<\/div>\n<div class=\"fusion-portfolio-content\" style=\"background-color:rgba(255,255,255,0);\"><h2 class=\"entry-title fusion-post-title\"><a href=\"https:\/\/www.muta.gal\/gl\/eventos\/entrevinos-2023\/?portfolioCats=22\">Entrevi\u00f1os 2023<\/a><\/h2><div class=\"fusion-content-sep sep-single sep-solid\" style=\"border-color:#e8e8e8;\"><\/div><div class=\"fusion-post-content\"><p>4 e 5 marzo 2023<\/p><\/div><\/div><\/div><\/article><\/div><\/div><\/div><\/div><\/div><\/div><\/p>\n","protected":false},"excerpt":{"rendered":"","protected":false},"author":1,"featured_media":2748,"parent":0,"menu_order":0,"comment_status":"closed","ping_status":"closed","template":"100-width.php","meta":{"footnotes":""},"class_list":["post-2752","page","type-page","status-publish","has-post-thumbnail","hentry"],"yoast_head":"<!-- This site is optimized with the Yoast SEO plugin v26.3 - https:\/\/yoast.com\/wordpress\/plugins\/seo\/ -->\n<title>Pr\u00f3ximos eventos en Vigo | MUTA, espacios para alquilar en Vigo<\/title>\n<meta name=\"description\" content=\"\u00bfQuieres saber cu\u00e1les ser\u00e1n los pr\u00f3ximos eventos en Vigo que se realizar\u00e1n en el espacio MUTA? \u00a1Te lo contamos!\" \/>\n<meta name=\"robots\" content=\"index, follow, max-snippet:-1, max-image-preview:large, max-video-preview:-1\" \/>\n<link rel=\"canonical\" href=\"https:\/\/www.muta.gal\/gl\/proximos-eventos\/\" \/>\n<meta property=\"og:locale\" content=\"gl_ES\" \/>\n<meta property=\"og:type\" content=\"article\" \/>\n<meta property=\"og:title\" content=\"Pr\u00f3ximos eventos en Vigo | MUTA, espacios para alquilar en Vigo\" \/>\n<meta property=\"og:description\" content=\"\u00bfQuieres saber cu\u00e1les ser\u00e1n los pr\u00f3ximos eventos en Vigo que se realizar\u00e1n en el espacio MUTA? \u00a1Te lo contamos!\" \/>\n<meta property=\"og:url\" content=\"https:\/\/www.muta.gal\/gl\/proximos-eventos\/\" \/>\n<meta property=\"og:site_name\" content=\"MUTA\" \/>\n<meta property=\"article:modified_time\" content=\"2021-11-15T12:46:41+00:00\" \/>\n<meta property=\"og:image\" content=\"http:\/\/www.muta.gal\/wp-content\/uploads\/2020\/02\/bg-16@2x-scaled-1.jpg\" \/>\n\t<meta property=\"og:image:width\" content=\"2560\" \/>\n\t<meta property=\"og:image:height\" content=\"666\" \/>\n\t<meta property=\"og:image:type\" content=\"image\/jpeg\" \/>\n<meta name=\"twitter:card\" content=\"summary_large_image\" \/>\n<meta name=\"twitter:label1\" content=\"Tempo de lectura\" \/>\n\t<meta name=\"twitter:data1\" content=\"3 minutos\" \/>\n<script type=\"application\/ld+json\" class=\"yoast-schema-graph\">{\"@context\":\"https:\/\/schema.org\",\"@graph\":[{\"@type\":\"WebPage\",\"@id\":\"https:\/\/www.muta.gal\/gl\/proximos-eventos\/\",\"url\":\"https:\/\/www.muta.gal\/gl\/proximos-eventos\/\",\"name\":\"Pr\u00f3ximos eventos en Vigo | MUTA, espacios para alquilar en Vigo\",\"isPartOf\":{\"@id\":\"https:\/\/www.muta.gal\/gl\/#website\"},\"primaryImageOfPage\":{\"@id\":\"https:\/\/www.muta.gal\/gl\/proximos-eventos\/#primaryimage\"},\"image\":{\"@id\":\"https:\/\/www.muta.gal\/gl\/proximos-eventos\/#primaryimage\"},\"thumbnailUrl\":\"https:\/\/www.muta.gal\/wp-content\/uploads\/2020\/02\/bg-16@2x-scaled-1.jpg\",\"datePublished\":\"2019-10-30T12:12:12+00:00\",\"dateModified\":\"2021-11-15T12:46:41+00:00\",\"description\":\"\u00bfQuieres saber cu\u00e1les ser\u00e1n los pr\u00f3ximos eventos en Vigo que se realizar\u00e1n en el espacio MUTA? \u00a1Te lo contamos!\",\"breadcrumb\":{\"@id\":\"https:\/\/www.muta.gal\/gl\/proximos-eventos\/#breadcrumb\"},\"inLanguage\":\"gl-ES\",\"potentialAction\":[{\"@type\":\"ReadAction\",\"target\":[\"https:\/\/www.muta.gal\/gl\/proximos-eventos\/\"]}]},{\"@type\":\"ImageObject\",\"inLanguage\":\"gl-ES\",\"@id\":\"https:\/\/www.muta.gal\/gl\/proximos-eventos\/#primaryimage\",\"url\":\"https:\/\/www.muta.gal\/wp-content\/uploads\/2020\/02\/bg-16@2x-scaled-1.jpg\",\"contentUrl\":\"https:\/\/www.muta.gal\/wp-content\/uploads\/2020\/02\/bg-16@2x-scaled-1.jpg\",\"width\":2560,\"height\":666},{\"@type\":\"BreadcrumbList\",\"@id\":\"https:\/\/www.muta.gal\/gl\/proximos-eventos\/#breadcrumb\",\"itemListElement\":[{\"@type\":\"ListItem\",\"position\":1,\"name\":\"Portada\",\"item\":\"https:\/\/www.muta.gal\/gl\/\"},{\"@type\":\"ListItem\",\"position\":2,\"name\":\"Pr\u00f3ximos eventos\"}]},{\"@type\":\"WebSite\",\"@id\":\"https:\/\/www.muta.gal\/gl\/#website\",\"url\":\"https:\/\/www.muta.gal\/gl\/\",\"name\":\"MUTA\",\"description\":\"Espacio para eventos en Vigo\",\"potentialAction\":[{\"@type\":\"SearchAction\",\"target\":{\"@type\":\"EntryPoint\",\"urlTemplate\":\"https:\/\/www.muta.gal\/gl\/?s={search_term_string}\"},\"query-input\":{\"@type\":\"PropertyValueSpecification\",\"valueRequired\":true,\"valueName\":\"search_term_string\"}}],\"inLanguage\":\"gl-ES\"}]}<\/script>\n<!-- \/ Yoast SEO plugin. -->","yoast_head_json":{"title":"Pr\u00f3ximos eventos en Vigo | MUTA, espacios para alquilar en Vigo","description":"\u00bfQuieres saber cu\u00e1les ser\u00e1n los pr\u00f3ximos eventos en Vigo que se realizar\u00e1n en el espacio MUTA? \u00a1Te lo contamos!","robots":{"index":"index","follow":"follow","max-snippet":"max-snippet:-1","max-image-preview":"max-image-preview:large","max-video-preview":"max-video-preview:-1"},"canonical":"https:\/\/www.muta.gal\/gl\/proximos-eventos\/","og_locale":"gl_ES","og_type":"article","og_title":"Pr\u00f3ximos eventos en Vigo | MUTA, espacios para alquilar en Vigo","og_description":"\u00bfQuieres saber cu\u00e1les ser\u00e1n los pr\u00f3ximos eventos en Vigo que se realizar\u00e1n en el espacio MUTA? \u00a1Te lo contamos!","og_url":"https:\/\/www.muta.gal\/gl\/proximos-eventos\/","og_site_name":"MUTA","article_modified_time":"2021-11-15T12:46:41+00:00","og_image":[{"width":2560,"height":666,"url":"http:\/\/www.muta.gal\/wp-content\/uploads\/2020\/02\/bg-16@2x-scaled-1.jpg","type":"image\/jpeg"}],"twitter_card":"summary_large_image","twitter_misc":{"Tempo de lectura":"3 minutos"},"schema":{"@context":"https:\/\/schema.org","@graph":[{"@type":"WebPage","@id":"https:\/\/www.muta.gal\/gl\/proximos-eventos\/","url":"https:\/\/www.muta.gal\/gl\/proximos-eventos\/","name":"Pr\u00f3ximos eventos en Vigo | MUTA, espacios para alquilar en Vigo","isPartOf":{"@id":"https:\/\/www.muta.gal\/gl\/#website"},"primaryImageOfPage":{"@id":"https:\/\/www.muta.gal\/gl\/proximos-eventos\/#primaryimage"},"image":{"@id":"https:\/\/www.muta.gal\/gl\/proximos-eventos\/#primaryimage"},"thumbnailUrl":"https:\/\/www.muta.gal\/wp-content\/uploads\/2020\/02\/bg-16@2x-scaled-1.jpg","datePublished":"2019-10-30T12:12:12+00:00","dateModified":"2021-11-15T12:46:41+00:00","description":"\u00bfQuieres saber cu\u00e1les ser\u00e1n los pr\u00f3ximos eventos en Vigo que se realizar\u00e1n en el espacio MUTA? \u00a1Te lo contamos!","breadcrumb":{"@id":"https:\/\/www.muta.gal\/gl\/proximos-eventos\/#breadcrumb"},"inLanguage":"gl-ES","potentialAction":[{"@type":"ReadAction","target":["https:\/\/www.muta.gal\/gl\/proximos-eventos\/"]}]},{"@type":"ImageObject","inLanguage":"gl-ES","@id":"https:\/\/www.muta.gal\/gl\/proximos-eventos\/#primaryimage","url":"https:\/\/www.muta.gal\/wp-content\/uploads\/2020\/02\/bg-16@2x-scaled-1.jpg","contentUrl":"https:\/\/www.muta.gal\/wp-content\/uploads\/2020\/02\/bg-16@2x-scaled-1.jpg","width":2560,"height":666},{"@type":"BreadcrumbList","@id":"https:\/\/www.muta.gal\/gl\/proximos-eventos\/#breadcrumb","itemListElement":[{"@type":"ListItem","position":1,"name":"Portada","item":"https:\/\/www.muta.gal\/gl\/"},{"@type":"ListItem","position":2,"name":"Pr\u00f3ximos eventos"}]},{"@type":"WebSite","@id":"https:\/\/www.muta.gal\/gl\/#website","url":"https:\/\/www.muta.gal\/gl\/","name":"MUTA","description":"Espacio para eventos en Vigo","potentialAction":[{"@type":"SearchAction","target":{"@type":"EntryPoint","urlTemplate":"https:\/\/www.muta.gal\/gl\/?s={search_term_string}"},"query-input":{"@type":"PropertyValueSpecification","valueRequired":true,"valueName":"search_term_string"}}],"inLanguage":"gl-ES"}]}},"jetpack_sharing_enabled":true,"_links":{"self":[{"href":"https:\/\/www.muta.gal\/gl\/wp-json\/wp\/v2\/pages\/2752","targetHints":{"allow":["GET"]}}],"collection":[{"href":"https:\/\/www.muta.gal\/gl\/wp-json\/wp\/v2\/pages"}],"about":[{"href":"https:\/\/www.muta.gal\/gl\/wp-json\/wp\/v2\/types\/page"}],"author":[{"embeddable":true,"href":"https:\/\/www.muta.gal\/gl\/wp-json\/wp\/v2\/users\/1"}],"replies":[{"embeddable":true,"href":"https:\/\/www.muta.gal\/gl\/wp-json\/wp\/v2\/comments?post=2752"}],"version-history":[{"count":7,"href":"https:\/\/www.muta.gal\/gl\/wp-json\/wp\/v2\/pages\/2752\/revisions"}],"predecessor-version":[{"id":3276,"href":"https:\/\/www.muta.gal\/gl\/wp-json\/wp\/v2\/pages\/2752\/revisions\/3276"}],"wp:featuredmedia":[{"embeddable":true,"href":"https:\/\/www.muta.gal\/gl\/wp-json\/wp\/v2\/media\/2748"}],"wp:attachment":[{"href":"https:\/\/www.muta.gal\/gl\/wp-json\/wp\/v2\/media?parent=2752"}],"curies":[{"name":"wp","href":"https:\/\/api.w.org\/{rel}","templated":true}]}}