{"id":3247,"date":"2021-11-10T11:35:27","date_gmt":"2021-11-10T11:35:27","guid":{"rendered":"https:\/\/www.muta.gal\/politica-de-privacidad\/"},"modified":"2021-11-15T17:32:57","modified_gmt":"2021-11-15T17:32:57","slug":"politica-de-privacidad","status":"publish","type":"page","link":"https:\/\/www.muta.gal\/gl\/politica-de-privacidad\/","title":{"rendered":"Pol\u00edtica de privacidade"},"content":{"rendered":"<h1>pol\u00edtica de privacidade<\/h1>\n<p><span style=\"font-weight: 400;\">A presente Pol\u00edtica de privacidade regula o uso do servizo do portal de Internet con enderezo www.muta.gal,<\/span> <span style=\"font-weight: 400;\">cuxo respons\u00e1bel a efectos identificativos \u00e9:\u00a0<\/span><\/p>\n<ul>\n<li><span style=\"font-weight: 400;\">RESPONS\u00c1BEL: ESPACIO MUTA, S.L.<\/span><\/li>\n<li><span style=\"font-weight: 400;\">CIF: B27856525<\/span><\/li>\n<li><span style=\"font-weight: 400;\">Enderezo: R\u00faa Joaqu\u00edn Loriga 9, Vigo, 36023, Pontevedra.<\/span><\/li>\n<li><span style=\"font-weight: 400;\">Tel\u00e9fono: 616720755<\/span><\/li>\n<li><span style=\"font-weight: 400;\">Correo electr\u00f3nico: muta@muta.gal<\/span><\/li>\n<\/ul>\n<h3>Finalidade: para que tratamos os teus datos?<\/h3>\n<p><span style=\"font-weight: 400;\">A efecto do previsto no RXPD de 27 de abril de 2016, e a LO 3\/2018, trataremos os datos que recollamos para as seguintes finalidades:<\/span><\/p>\n<ul>\n<li><span style=\"font-weight: 400;\">Contactar contigo en caso de que as\u00ed nolo pidas.<\/span><\/li>\n<li><span style=\"font-weight: 400;\">Xestionar a t\u00faa navegaci\u00f3n na web, no seu caso.<\/span><\/li>\n<li><span style=\"font-weight: 400;\">Remitirche comunicaci\u00f3ns comerciais acerca dos nosos produtos e servizos.<\/span><\/li>\n<\/ul>\n<p><span style=\"font-weight: 400;\">Para iso, o usuario dispor\u00e1 dun formulario de rexistro que se se cobre lexitimar\u00e1 o interesado ao acceso e desfrute de determinados servizos ofrecidos na web.<\/span><\/p>\n<p><span style=\"font-weight: 400;\">Por\u00e9n, inf\u00f3rmase ao usuario de que en todo formulario de contacto o mesmo ser\u00e1 informado do uso que se far\u00e1 dos datos obtidos e, se son utilizados para un fin distinto, o devandito consentimento obterase previamente e de xeito expreso.<\/span><\/p>\n<p><span style=\"font-weight: 400;\">Se o consentimento do interesado se d\u00e1 no contexto dunha declaraci\u00f3n escrita que tam\u00e9n se refira a outros asuntos, a solicitude de consentimento presentarase de xeito que se distinga claramente dos demais asuntos, de xeito intelix\u00edbel e de f\u00e1cil acceso e utilizando unha linguaxe clara e sinxela, de conformidade co artigo 7.2 do RXPD de 27 de abril de 2016.<\/span><\/p>\n<h3>Lexitimaci\u00f3n: cal \u00e9 a lexitimaci\u00f3n para o tratamento dos teus datos?<\/h3>\n<p><span style=\"font-weight: 400;\">A base legal para o tratamento dos teus datos basearase en:<\/span><\/p>\n<ul>\n<li style=\"font-weight: 400;\" aria-level=\"1\"><span style=\"font-weight: 400;\">O consentimento do interesado, para o tratamento dos seus datos, conforme o artigo 6. 1. a) do Regulamento Xeral Europeo de Protecci\u00f3n de Datos.<\/span><\/li>\n<li style=\"font-weight: 400;\" aria-level=\"1\"><span style=\"font-weight: 400;\">A necesaria execuci\u00f3n dun contrato no que o interesado \u00e9 parte ou para a aplicaci\u00f3n a petici\u00f3n deste de medidas precontractuais, conforme o artigo 6. 1. b) do Regulamento Xeral Europeo de Protecci\u00f3n de Datos.<\/span><\/li>\n<\/ul>\n<h3>Destinatarios: a quen comunicamos os teus datos?<\/h3>\n<p>Os datos persoais non ser\u00e1n obxecto de cesi\u00f3n salvo no cumprimento de obrigas legalmente establecidas ou para dar soporte aos servizos vinculados a este tratamento.<\/p>\n<h3>Conservaci\u00f3n: durante canto tempo conservamos os teus datos?<\/h3>\n<p>Conservaremos os datos de car\u00e1cter persoal durante cando menos 5 anos en caso de que sexas cliente e para o estrito cumprimento das obrigas legais establecidas na normativa.<\/p>\n<p>En caso de non ser cliente, conservaremos os teus datos o m\u00ednimo tempo indispens\u00e1bel para xestionar a nosa relaci\u00f3n.<\/p>\n<h3>Dereitos: cales son os teus dereitos cando nos facilitas os teus datos?<\/h3>\n<p>Calquera persoa ten dereito a obter confirmaci\u00f3n sobre se se est\u00e1n tratando datos persoais que lle afecten.<\/p>\n<p>As persoas interesadas te\u00f1en dereito a poder acceder aos seus datos persoais, as\u00ed como a solicitar a rectificaci\u00f3n dos datos inexactos ou, no seu caso, solicitar a s\u00faa supresi\u00f3n cando, entre outros motivos, os datos xa non sexan necesarios para os fins para os que foron recollidos.<\/p>\n<p>En determinadas circunstancias, as persoas interesadas poder\u00e1n solicitar a limitaci\u00f3n do tratamento dos seus datos, en cuxo caso unicamente os conservaremos para o exercicio ou a defensa de reclamaci\u00f3ns.<\/p>\n<p>En determinadas circunstancias e por motivos relacionados coa s\u00faa situaci\u00f3n particular, as persoas interesadas poder\u00e1n oporse ao tratamento dos seus datos. En tal caso, deixar\u00e1n de tratarse os datos, salvo por motivos lex\u00edtimos ou o exercicio ou a defensa de pos\u00edbeis reclamaci\u00f3ns.<\/p>\n<p>As persoas interesadas poder\u00e1n solicitar a portabilidade dos datos para obter os datos que proporcionaron nun formato estruturado, de uso com\u00fan e de lectura mec\u00e1nica, para ser descargados por si mesmos ou transmitidos a outra entidade.<\/p>\n<p>A persoa interesada pode exercer os seus dereitos dirixindo un correo electr\u00f3nico ao enderezo de correo electr\u00f3nico muta@muta.gal, ou, no seu caso, ao enderezo f\u00edsico R\u00faa Joaqu\u00edn Loriga 9, Vigo, 36023, Pontevedra.<\/p>\n<h3>Consentimento menores: que pasa se es menor de idade?<\/h3>\n<p>No suposto de que alg\u00fans dos nosos servizos vaian dirixidos especificamente a menores de catorce anos, solicitaremos a conformidade dos pais ou titores para a recollida dos datos persoais ou, no seu caso, para o tratamento automatizado dos datos conforme ao artigo 7 da LOPDXDD.<\/p>\n<h3>Exactitude, veracidade e seguridade dos datos: como tratamos os teus datos?<\/h3>\n<p>O Usuario \u00e9 o \u00fanico respons\u00e1bel da veracidade e correcci\u00f3n dos datos inclu\u00eddos, exoner\u00e1ndonos de calquera responsabilidade ao respecto. Os usuarios garanten e responden, en calquera caso, da exactitude, vixencia e autenticidade dos datos persoais facilitados, e comprom\u00e9tense a mantelos debidamente actualizados. O usuario acepta proporcionar informaci\u00f3n completa e correcta nos formularios de rexistro ou subscrici\u00f3n. Non responderemos da veracidade das informaci\u00f3ns que non sexan de elaboraci\u00f3n propia e das que se indique outra fonte, polo que tampouco asumimos responsabilidade algunha en canto a hipot\u00e9ticos prexu\u00edzos que pidan orixinarse polo uso desa informaci\u00f3n.<\/p>\n<p>Tam\u00e9n reservamos o dereito a actualizar, modificar ou eliminar a informaci\u00f3n contida na web, podendo incluso limitar ou non permitir o acceso a esa informaci\u00f3n.<\/p>\n<p>Non seremos respons\u00e1beis ante calquera dano ou prexu\u00edzo que poida sufrir o Usuario como consecuencia de erros, defectos ou omisi\u00f3ns na informaci\u00f3n facilitada polo respons\u00e1bel, sempre que proceda de fontes alleas.<\/p>\n<p>Os datos ser\u00e1n tratados de xeito confidencial e baixo o sometemento a medidas t\u00e9cnicas e organizativas de seguridade axeitadas para evitar a s\u00faa alteraci\u00f3n, perda, tratamento ou acceso non autorizado.<\/p>\n<p>Poder\u00e1s presentar unha reclamaci\u00f3n ante a Axencia Espa\u00f1ola de Protecci\u00f3n de Datos, especialmente cando non obtiveras satisfacci\u00f3n no exercicio dos teus dereitos, no enderezo postal e\/ou electr\u00f3nico indicado na p\u00e1xina www.aepd.es.<\/p>\n","protected":false},"excerpt":{"rendered":"<p>pol\u00edtica de privacidade A presente Pol\u00edtica de privacidade regula o  [&#8230;]<\/p>\n","protected":false},"author":1,"featured_media":0,"parent":0,"menu_order":0,"comment_status":"closed","ping_status":"closed","template":"","meta":{"footnotes":""},"class_list":["post-3247","page","type-page","status-publish","hentry"],"yoast_head":"<!-- This site is optimized with the Yoast SEO plugin v26.3 - https:\/\/yoast.com\/wordpress\/plugins\/seo\/ -->\n<title>Pol\u00edtica de privacidade - MUTA<\/title>\n<meta name=\"robots\" content=\"index, follow, max-snippet:-1, max-image-preview:large, max-video-preview:-1\" \/>\n<link rel=\"canonical\" href=\"https:\/\/www.muta.gal\/gl\/politica-de-privacidad\/\" \/>\n<meta property=\"og:locale\" content=\"gl_ES\" \/>\n<meta property=\"og:type\" content=\"article\" \/>\n<meta property=\"og:title\" content=\"Pol\u00edtica de privacidade - MUTA\" \/>\n<meta property=\"og:description\" content=\"pol\u00edtica de privacidade A presente Pol\u00edtica de privacidade regula o [...]\" \/>\n<meta property=\"og:url\" content=\"https:\/\/www.muta.gal\/gl\/politica-de-privacidad\/\" \/>\n<meta property=\"og:site_name\" content=\"MUTA\" \/>\n<meta property=\"article:modified_time\" content=\"2021-11-15T17:32:57+00:00\" \/>\n<meta name=\"twitter:card\" content=\"summary_large_image\" \/>\n<meta name=\"twitter:label1\" content=\"Tempo de lectura\" \/>\n\t<meta name=\"twitter:data1\" content=\"4 minutos\" \/>\n<script type=\"application\/ld+json\" class=\"yoast-schema-graph\">{\"@context\":\"https:\/\/schema.org\",\"@graph\":[{\"@type\":\"WebPage\",\"@id\":\"https:\/\/www.muta.gal\/gl\/politica-de-privacidad\/\",\"url\":\"https:\/\/www.muta.gal\/gl\/politica-de-privacidad\/\",\"name\":\"Pol\u00edtica de privacidade - MUTA\",\"isPartOf\":{\"@id\":\"https:\/\/www.muta.gal\/gl\/#website\"},\"datePublished\":\"2021-11-10T11:35:27+00:00\",\"dateModified\":\"2021-11-15T17:32:57+00:00\",\"breadcrumb\":{\"@id\":\"https:\/\/www.muta.gal\/gl\/politica-de-privacidad\/#breadcrumb\"},\"inLanguage\":\"gl-ES\",\"potentialAction\":[{\"@type\":\"ReadAction\",\"target\":[\"https:\/\/www.muta.gal\/gl\/politica-de-privacidad\/\"]}]},{\"@type\":\"BreadcrumbList\",\"@id\":\"https:\/\/www.muta.gal\/gl\/politica-de-privacidad\/#breadcrumb\",\"itemListElement\":[{\"@type\":\"ListItem\",\"position\":1,\"name\":\"Portada\",\"item\":\"https:\/\/www.muta.gal\/gl\/\"},{\"@type\":\"ListItem\",\"position\":2,\"name\":\"Pol\u00edtica de privacidade\"}]},{\"@type\":\"WebSite\",\"@id\":\"https:\/\/www.muta.gal\/gl\/#website\",\"url\":\"https:\/\/www.muta.gal\/gl\/\",\"name\":\"MUTA\",\"description\":\"Espacio para eventos en Vigo\",\"potentialAction\":[{\"@type\":\"SearchAction\",\"target\":{\"@type\":\"EntryPoint\",\"urlTemplate\":\"https:\/\/www.muta.gal\/gl\/?s={search_term_string}\"},\"query-input\":{\"@type\":\"PropertyValueSpecification\",\"valueRequired\":true,\"valueName\":\"search_term_string\"}}],\"inLanguage\":\"gl-ES\"}]}<\/script>\n<!-- \/ Yoast SEO plugin. -->","yoast_head_json":{"title":"Pol\u00edtica de privacidade - MUTA","robots":{"index":"index","follow":"follow","max-snippet":"max-snippet:-1","max-image-preview":"max-image-preview:large","max-video-preview":"max-video-preview:-1"},"canonical":"https:\/\/www.muta.gal\/gl\/politica-de-privacidad\/","og_locale":"gl_ES","og_type":"article","og_title":"Pol\u00edtica de privacidade - MUTA","og_description":"pol\u00edtica de privacidade A presente Pol\u00edtica de privacidade regula o [...]","og_url":"https:\/\/www.muta.gal\/gl\/politica-de-privacidad\/","og_site_name":"MUTA","article_modified_time":"2021-11-15T17:32:57+00:00","twitter_card":"summary_large_image","twitter_misc":{"Tempo de lectura":"4 minutos"},"schema":{"@context":"https:\/\/schema.org","@graph":[{"@type":"WebPage","@id":"https:\/\/www.muta.gal\/gl\/politica-de-privacidad\/","url":"https:\/\/www.muta.gal\/gl\/politica-de-privacidad\/","name":"Pol\u00edtica de privacidade - MUTA","isPartOf":{"@id":"https:\/\/www.muta.gal\/gl\/#website"},"datePublished":"2021-11-10T11:35:27+00:00","dateModified":"2021-11-15T17:32:57+00:00","breadcrumb":{"@id":"https:\/\/www.muta.gal\/gl\/politica-de-privacidad\/#breadcrumb"},"inLanguage":"gl-ES","potentialAction":[{"@type":"ReadAction","target":["https:\/\/www.muta.gal\/gl\/politica-de-privacidad\/"]}]},{"@type":"BreadcrumbList","@id":"https:\/\/www.muta.gal\/gl\/politica-de-privacidad\/#breadcrumb","itemListElement":[{"@type":"ListItem","position":1,"name":"Portada","item":"https:\/\/www.muta.gal\/gl\/"},{"@type":"ListItem","position":2,"name":"Pol\u00edtica de privacidade"}]},{"@type":"WebSite","@id":"https:\/\/www.muta.gal\/gl\/#website","url":"https:\/\/www.muta.gal\/gl\/","name":"MUTA","description":"Espacio para eventos en Vigo","potentialAction":[{"@type":"SearchAction","target":{"@type":"EntryPoint","urlTemplate":"https:\/\/www.muta.gal\/gl\/?s={search_term_string}"},"query-input":{"@type":"PropertyValueSpecification","valueRequired":true,"valueName":"search_term_string"}}],"inLanguage":"gl-ES"}]}},"jetpack_sharing_enabled":true,"_links":{"self":[{"href":"https:\/\/www.muta.gal\/gl\/wp-json\/wp\/v2\/pages\/3247","targetHints":{"allow":["GET"]}}],"collection":[{"href":"https:\/\/www.muta.gal\/gl\/wp-json\/wp\/v2\/pages"}],"about":[{"href":"https:\/\/www.muta.gal\/gl\/wp-json\/wp\/v2\/types\/page"}],"author":[{"embeddable":true,"href":"https:\/\/www.muta.gal\/gl\/wp-json\/wp\/v2\/users\/1"}],"replies":[{"embeddable":true,"href":"https:\/\/www.muta.gal\/gl\/wp-json\/wp\/v2\/comments?post=3247"}],"version-history":[{"count":2,"href":"https:\/\/www.muta.gal\/gl\/wp-json\/wp\/v2\/pages\/3247\/revisions"}],"predecessor-version":[{"id":3314,"href":"https:\/\/www.muta.gal\/gl\/wp-json\/wp\/v2\/pages\/3247\/revisions\/3314"}],"wp:attachment":[{"href":"https:\/\/www.muta.gal\/gl\/wp-json\/wp\/v2\/media?parent=3247"}],"curies":[{"name":"wp","href":"https:\/\/api.w.org\/{rel}","templated":true}]}}